{"id":120,"date":"2015-12-20T17:02:31","date_gmt":"2015-12-20T15:02:31","guid":{"rendered":"http:\/\/mekanix.fi\/?page_id=120"},"modified":"2020-02-24T21:37:56","modified_gmt":"2020-02-24T19:37:56","slug":"valkommen-till-mekanix","status":"publish","type":"page","link":"https:\/\/mekanix.fi\/","title":{"rendered":"V\u00c4LKOMMEN TILL MEKANIX"},"content":{"rendered":"<h4 style=\"text-align: left;\"><strong><span style=\"color: #ffffff;\">Vi erbjuder skr\u00e4ddarsydda produkter i metall enligt kundens \u00f6nskem\u00e5l. F\u00f6r v\u00e5ra kunder vill vi vara utvecklare p\u00e5 b\u00e4ttre l\u00f6sningar. F\u00f6rutom maskiner beh\u00f6vs ocks\u00e5 kunskap och f\u00f6rst\u00e5else f\u00f6r att n\u00e5 det b\u00e4sta resultatet.\u00a0<\/span><span style=\"color: #ff0000;\"><a style=\"color: #ff0000;\" href=\"http:\/\/mekanix.fi\/wp-content\/uploads\/2015\/12\/DSC_0020.jpg\"><br \/><\/a><\/span><br \/><a href=\"http:\/\/mekanix.fi\/wp-content\/uploads\/2018\/10\/IMG_0402.jpg\"><img loading=\"lazy\" decoding=\"async\" class=\"wp-image-246 aligncenter\" src=\"http:\/\/mekanix.fi\/wp-content\/uploads\/2018\/10\/IMG_0402-300x200.jpg\" alt=\"\" width=\"438\" height=\"292\" srcset=\"https:\/\/mekanix.fi\/wp-content\/uploads\/2018\/10\/IMG_0402-300x200.jpg 300w, https:\/\/mekanix.fi\/wp-content\/uploads\/2018\/10\/IMG_0402-768x512.jpg 768w, https:\/\/mekanix.fi\/wp-content\/uploads\/2018\/10\/IMG_0402-1024x683.jpg 1024w\" sizes=\"auto, (max-width: 438px) 100vw, 438px\" \/><\/a><\/strong><\/h4>\n<p>\u00a0<\/p>\n\n\n<div class=\"wp-block-image\"><figure class=\"aligncenter size-large is-resized\"><img loading=\"lazy\" decoding=\"async\" src=\"http:\/\/mekanix.fi\/wp-content\/uploads\/2020\/02\/20200224_093509-1-1024x708.jpg\" alt=\"\" class=\"wp-image-275\" width=\"297\" height=\"205\" srcset=\"https:\/\/mekanix.fi\/wp-content\/uploads\/2020\/02\/20200224_093509-1-1024x708.jpg 1024w, https:\/\/mekanix.fi\/wp-content\/uploads\/2020\/02\/20200224_093509-1-300x207.jpg 300w, https:\/\/mekanix.fi\/wp-content\/uploads\/2020\/02\/20200224_093509-1-768x531.jpg 768w, https:\/\/mekanix.fi\/wp-content\/uploads\/2020\/02\/20200224_093509-1.jpg 1433w\" sizes=\"auto, (max-width: 297px) 100vw, 297px\" \/><\/figure><\/div>\n\n\n\n<div class=\"wp-block-image\"><figure class=\"alignright size-large is-resized\"><img loading=\"lazy\" decoding=\"async\" src=\"http:\/\/mekanix.fi\/wp-content\/uploads\/2020\/02\/20190824_182116-497x1024.jpg\" alt=\"\" class=\"wp-image-276\" width=\"157\" height=\"323\" srcset=\"https:\/\/mekanix.fi\/wp-content\/uploads\/2020\/02\/20190824_182116-497x1024.jpg 497w, https:\/\/mekanix.fi\/wp-content\/uploads\/2020\/02\/20190824_182116-146x300.jpg 146w, https:\/\/mekanix.fi\/wp-content\/uploads\/2020\/02\/20190824_182116-768x1581.jpg 768w, https:\/\/mekanix.fi\/wp-content\/uploads\/2020\/02\/20190824_182116-746x1536.jpg 746w, https:\/\/mekanix.fi\/wp-content\/uploads\/2020\/02\/20190824_182116-995x2048.jpg 995w, https:\/\/mekanix.fi\/wp-content\/uploads\/2020\/02\/20190824_182116-scaled.jpg 1244w\" sizes=\"auto, (max-width: 157px) 100vw, 157px\" \/><\/figure><\/div>\n\n\n\n<p><\/p>\n\n\n\n<figure class=\"wp-block-image size-large is-resized\"><img loading=\"lazy\" decoding=\"async\" src=\"http:\/\/mekanix.fi\/wp-content\/uploads\/2020\/02\/20190724_093007-1024x498.jpg\" alt=\"\" class=\"wp-image-278\" width=\"292\" height=\"142\" srcset=\"https:\/\/mekanix.fi\/wp-content\/uploads\/2020\/02\/20190724_093007-1024x498.jpg 1024w, https:\/\/mekanix.fi\/wp-content\/uploads\/2020\/02\/20190724_093007-300x146.jpg 300w, https:\/\/mekanix.fi\/wp-content\/uploads\/2020\/02\/20190724_093007-768x373.jpg 768w, https:\/\/mekanix.fi\/wp-content\/uploads\/2020\/02\/20190724_093007-1536x746.jpg 1536w, https:\/\/mekanix.fi\/wp-content\/uploads\/2020\/02\/20190724_093007.jpg 1665w\" sizes=\"auto, (max-width: 292px) 100vw, 292px\" \/><\/figure>\n\n\n\n<p><\/p>\n","protected":false},"excerpt":{"rendered":"<p>Vi erbjuder skr\u00e4ddarsydda produkter i metall enligt kundens \u00f6nskem\u00e5l. F\u00f6r v\u00e5ra kunder vill vi vara utvecklare p\u00e5 b\u00e4ttre l\u00f6sningar. F\u00f6rutom maskiner beh\u00f6vs ocks\u00e5 kunskap och f\u00f6rst\u00e5else f\u00f6r att n\u00e5 det b\u00e4sta resultatet.\u00a0 \u00a0<\/p>\n","protected":false},"author":1,"featured_media":0,"parent":0,"menu_order":0,"comment_status":"closed","ping_status":"closed","template":"page-full-width.php","meta":{"footnotes":""},"class_list":["post-120","page","type-page","status-publish","hentry"],"_links":{"self":[{"href":"https:\/\/mekanix.fi\/index.php?rest_route=\/wp\/v2\/pages\/120","targetHints":{"allow":["GET"]}}],"collection":[{"href":"https:\/\/mekanix.fi\/index.php?rest_route=\/wp\/v2\/pages"}],"about":[{"href":"https:\/\/mekanix.fi\/index.php?rest_route=\/wp\/v2\/types\/page"}],"author":[{"embeddable":true,"href":"https:\/\/mekanix.fi\/index.php?rest_route=\/wp\/v2\/users\/1"}],"replies":[{"embeddable":true,"href":"https:\/\/mekanix.fi\/index.php?rest_route=%2Fwp%2Fv2%2Fcomments&post=120"}],"version-history":[{"count":44,"href":"https:\/\/mekanix.fi\/index.php?rest_route=\/wp\/v2\/pages\/120\/revisions"}],"predecessor-version":[{"id":283,"href":"https:\/\/mekanix.fi\/index.php?rest_route=\/wp\/v2\/pages\/120\/revisions\/283"}],"wp:attachment":[{"href":"https:\/\/mekanix.fi\/index.php?rest_route=%2Fwp%2Fv2%2Fmedia&parent=120"}],"curies":[{"name":"wp","href":"https:\/\/api.w.org\/{rel}","templated":true}]}}