{"id":9,"date":"2015-10-19T09:57:10","date_gmt":"2015-10-19T07:57:10","guid":{"rendered":"http:\/\/mekanix.fi\/?page_id=9"},"modified":"2020-02-24T21:01:59","modified_gmt":"2020-02-24T19:01:59","slug":"om-oss","status":"publish","type":"page","link":"https:\/\/mekanix.fi\/?page_id=9","title":{"rendered":"OM OSS"},"content":{"rendered":"<p><span style=\"color: #ffffff;\">MEKANIX \u00e4r ett f\u00f6retag inom metall branschen med \u00f6ver 20 \u00e5rs erfarenhet i metall. Vi tillverkar olika speciall\u00f6sningar f\u00f6r industrin, entrepren\u00f6rer, kommuner och f\u00f6retagare.<\/span><\/p>\n<p><span style=\"color: #ffffff;\">F\u00f6retaget grundades 2012 och hade d\u00e5 ocks\u00e5 en hel del service av fordon. \u00c5r 2014 \u00e4ndrades verksamheten och service av fordon fick ge plats f\u00f6r metall. Investeringar i maskinparken gjordes och verksamheten flyttades till st\u00f6rre utrymmen p\u00e5 statens f\u00f6re detta v\u00e4g underh\u00e5llsdep\u00e5. \u00c5r 2017 b\u00f6rjade vi planera f\u00f6r en ny hall p\u00e5 Industribacken i Oravais och b\u00f6rjan av sommaren 2018 togs den nya hallen i bruk. Nya adressen \u00e4r Oravais Industriv\u00e4g 15, 66800 Oravais.<\/span><\/p>\n<p><span style=\"color: #ffffff;\">\u00a0<\/span><\/p>\n\n\n<div class=\"wp-block-image\"><figure class=\"aligncenter size-large is-resized\"><img loading=\"lazy\" decoding=\"async\" src=\"http:\/\/mekanix.fi\/wp-content\/uploads\/2020\/02\/20200224_093509-1024x708.jpg\" alt=\"\" class=\"wp-image-269\" width=\"484\" height=\"335\" srcset=\"https:\/\/mekanix.fi\/wp-content\/uploads\/2020\/02\/20200224_093509-1024x708.jpg 1024w, https:\/\/mekanix.fi\/wp-content\/uploads\/2020\/02\/20200224_093509-300x207.jpg 300w, https:\/\/mekanix.fi\/wp-content\/uploads\/2020\/02\/20200224_093509-768x531.jpg 768w, https:\/\/mekanix.fi\/wp-content\/uploads\/2020\/02\/20200224_093509.jpg 1433w\" sizes=\"auto, (max-width: 484px) 100vw, 484px\" \/><\/figure><\/div>\n\n\n\n<p><\/p>\n","protected":false},"excerpt":{"rendered":"<p>MEKANIX \u00e4r ett f\u00f6retag inom metall branschen med \u00f6ver 20 \u00e5rs erfarenhet i metall. Vi tillverkar olika speciall\u00f6sningar f\u00f6r industrin, entrepren\u00f6rer, kommuner och f\u00f6retagare. F\u00f6retaget grundades 2012 och hade d\u00e5 ocks\u00e5 en hel del service av fordon. \u00c5r 2014 \u00e4ndrades verksamheten och service av fordon fick ge plats f\u00f6r metall. Investeringar i maskinparken gjordes och [&hellip;]<\/p>\n","protected":false},"author":1,"featured_media":0,"parent":0,"menu_order":0,"comment_status":"closed","ping_status":"closed","template":"page-full-width.php","meta":{"footnotes":""},"class_list":["post-9","page","type-page","status-publish","hentry"],"_links":{"self":[{"href":"https:\/\/mekanix.fi\/index.php?rest_route=\/wp\/v2\/pages\/9","targetHints":{"allow":["GET"]}}],"collection":[{"href":"https:\/\/mekanix.fi\/index.php?rest_route=\/wp\/v2\/pages"}],"about":[{"href":"https:\/\/mekanix.fi\/index.php?rest_route=\/wp\/v2\/types\/page"}],"author":[{"embeddable":true,"href":"https:\/\/mekanix.fi\/index.php?rest_route=\/wp\/v2\/users\/1"}],"replies":[{"embeddable":true,"href":"https:\/\/mekanix.fi\/index.php?rest_route=%2Fwp%2Fv2%2Fcomments&post=9"}],"version-history":[{"count":16,"href":"https:\/\/mekanix.fi\/index.php?rest_route=\/wp\/v2\/pages\/9\/revisions"}],"predecessor-version":[{"id":270,"href":"https:\/\/mekanix.fi\/index.php?rest_route=\/wp\/v2\/pages\/9\/revisions\/270"}],"wp:attachment":[{"href":"https:\/\/mekanix.fi\/index.php?rest_route=%2Fwp%2Fv2%2Fmedia&parent=9"}],"curies":[{"name":"wp","href":"https:\/\/api.w.org\/{rel}","templated":true}]}}